{"id":140,"date":"2025-12-20T08:19:08","date_gmt":"2025-12-20T07:19:08","guid":{"rendered":"https:\/\/taxi-ruf-euskirchen.de\/?page_id=140"},"modified":"2026-02-26T18:47:05","modified_gmt":"2026-02-26T17:47:05","slug":"unser-fuhrpark","status":"publish","type":"page","link":"https:\/\/taxi-ruf-euskirchen.de\/index.php\/unser-fuhrpark\/","title":{"rendered":"Unser Fuhrpark"},"content":{"rendered":"\n<p class=\"has-text-align-center\"><b style=\"font-size: 150%\">Hier ein paar Bilder unseres Fuhrparks.<\/b><\/p>\n\n\n\n<p class=\"has-text-align-center\">Du kannst die Bilder vergr\u00f6\u00dfern in dem du diese einfach anklicken. Dann \u00f6ffnet sich das angeklickte Bild in einem neuem Fenster\/Tab.<\/p>\n\n\n\n<figure class=\"wp-block-gallery has-nested-images columns-default is-cropped wp-block-gallery-1 is-layout-flex wp-block-gallery-is-layout-flex\">\n\n\n<figure class=\"wp-block-image size-large\"><a href=\"https:\/\/taxi-ruf-euskirchen.de\/wp-content\/uploads\/2025\/12\/WhatsApp-Image-2025-12-19-at-04.39.22-2-1-768x1024.jpeg\" target=\"_blank\"><img loading=\"lazy\" decoding=\"async\" width=\"768\" height=\"1024\" data-id=\"157\" src=\"https:\/\/taxi-ruf-euskirchen.de\/wp-content\/uploads\/2025\/12\/WhatsApp-Image-2025-12-19-at-04.39.22-2-1-768x1024.jpeg\" alt=\"\" class=\"wp-image-157\" srcset=\"https:\/\/taxi-ruf-euskirchen.de\/wp-content\/uploads\/2025\/12\/WhatsApp-Image-2025-12-19-at-04.39.22-2-1-768x1024.jpeg 768w, https:\/\/taxi-ruf-euskirchen.de\/wp-content\/uploads\/2025\/12\/WhatsApp-Image-2025-12-19-at-04.39.22-2-1-225x300.jpeg 225w, https:\/\/taxi-ruf-euskirchen.de\/wp-content\/uploads\/2025\/12\/WhatsApp-Image-2025-12-19-at-04.39.22-2-1-1152x1536.jpeg 1152w, https:\/\/taxi-ruf-euskirchen.de\/wp-content\/uploads\/2025\/12\/WhatsApp-Image-2025-12-19-at-04.39.22-2-1.jpeg 1200w\" sizes=\"auto, (max-width: 768px) 100vw, 768px\" \/><\/a><\/figure>\n\n\n\n<figure class=\"wp-block-image size-large\"><a href=\"https:\/\/taxi-ruf-euskirchen.de\/wp-content\/uploads\/2025\/12\/WhatsApp-Image-2025-12-19-at-04.39.22-3-1-1024x768.jpeg\" target=\"_blank\"><img loading=\"lazy\" decoding=\"async\" width=\"1024\" height=\"768\" data-id=\"156\" src=\"https:\/\/taxi-ruf-euskirchen.de\/wp-content\/uploads\/2025\/12\/WhatsApp-Image-2025-12-19-at-04.39.22-3-1-1024x768.jpeg\" alt=\"\" class=\"wp-image-156\" srcset=\"https:\/\/taxi-ruf-euskirchen.de\/wp-content\/uploads\/2025\/12\/WhatsApp-Image-2025-12-19-at-04.39.22-3-1-1024x768.jpeg 1024w, https:\/\/taxi-ruf-euskirchen.de\/wp-content\/uploads\/2025\/12\/WhatsApp-Image-2025-12-19-at-04.39.22-3-1-300x225.jpeg 300w, https:\/\/taxi-ruf-euskirchen.de\/wp-content\/uploads\/2025\/12\/WhatsApp-Image-2025-12-19-at-04.39.22-3-1-768x576.jpeg 768w, https:\/\/taxi-ruf-euskirchen.de\/wp-content\/uploads\/2025\/12\/WhatsApp-Image-2025-12-19-at-04.39.22-3-1-1536x1152.jpeg 1536w, https:\/\/taxi-ruf-euskirchen.de\/wp-content\/uploads\/2025\/12\/WhatsApp-Image-2025-12-19-at-04.39.22-3-1.jpeg 1600w\" sizes=\"auto, (max-width: 1024px) 100vw, 1024px\" \/><\/a><\/figure>\n\n\n\n<figure class=\"wp-block-image size-large\"><a href=\"https:\/\/taxi-ruf-euskirchen.de\/wp-content\/uploads\/2025\/12\/WhatsApp-Image-2025-12-19-at-04.39.22-4-1-1024x768.jpeg\" target=\"_blank\"><img loading=\"lazy\" decoding=\"async\" width=\"1024\" height=\"768\" data-id=\"158\" src=\"https:\/\/taxi-ruf-euskirchen.de\/wp-content\/uploads\/2025\/12\/WhatsApp-Image-2025-12-19-at-04.39.22-4-1-1024x768.jpeg\" alt=\"\" class=\"wp-image-158\" srcset=\"https:\/\/taxi-ruf-euskirchen.de\/wp-content\/uploads\/2025\/12\/WhatsApp-Image-2025-12-19-at-04.39.22-4-1-1024x768.jpeg 1024w, https:\/\/taxi-ruf-euskirchen.de\/wp-content\/uploads\/2025\/12\/WhatsApp-Image-2025-12-19-at-04.39.22-4-1-300x225.jpeg 300w, https:\/\/taxi-ruf-euskirchen.de\/wp-content\/uploads\/2025\/12\/WhatsApp-Image-2025-12-19-at-04.39.22-4-1-768x576.jpeg 768w, https:\/\/taxi-ruf-euskirchen.de\/wp-content\/uploads\/2025\/12\/WhatsApp-Image-2025-12-19-at-04.39.22-4-1-1536x1152.jpeg 1536w, https:\/\/taxi-ruf-euskirchen.de\/wp-content\/uploads\/2025\/12\/WhatsApp-Image-2025-12-19-at-04.39.22-4-1.jpeg 1600w\" sizes=\"auto, (max-width: 1024px) 100vw, 1024px\" \/><\/a><\/figure>\n\n\n\n<figure class=\"wp-block-image size-large\"><a href=\"https:\/\/taxi-ruf-euskirchen.de\/wp-content\/uploads\/2025\/12\/WhatsApp-Image-2025-12-19-at-04.39.22-5-1-768x1024.jpeg\" target=\"_blank\"><img loading=\"lazy\" decoding=\"async\" width=\"768\" height=\"1024\" data-id=\"161\" src=\"https:\/\/taxi-ruf-euskirchen.de\/wp-content\/uploads\/2025\/12\/WhatsApp-Image-2025-12-19-at-04.39.22-5-1-768x1024.jpeg\" alt=\"\" class=\"wp-image-161\" srcset=\"https:\/\/taxi-ruf-euskirchen.de\/wp-content\/uploads\/2025\/12\/WhatsApp-Image-2025-12-19-at-04.39.22-5-1-768x1024.jpeg 768w, https:\/\/taxi-ruf-euskirchen.de\/wp-content\/uploads\/2025\/12\/WhatsApp-Image-2025-12-19-at-04.39.22-5-1-225x300.jpeg 225w, https:\/\/taxi-ruf-euskirchen.de\/wp-content\/uploads\/2025\/12\/WhatsApp-Image-2025-12-19-at-04.39.22-5-1-1152x1536.jpeg 1152w, https:\/\/taxi-ruf-euskirchen.de\/wp-content\/uploads\/2025\/12\/WhatsApp-Image-2025-12-19-at-04.39.22-5-1.jpeg 1200w\" sizes=\"auto, (max-width: 768px) 100vw, 768px\" \/><\/a><\/figure>\n\n\n\n<figure class=\"wp-block-image size-large\"><a href=\"https:\/\/taxi-ruf-euskirchen.de\/wp-content\/uploads\/2025\/12\/WhatsApp-Image-2025-12-19-at-04.39.22-6-1-768x1024.jpeg\" target=\"_blank\"><img loading=\"lazy\" decoding=\"async\" width=\"768\" height=\"1024\" data-id=\"159\" src=\"https:\/\/taxi-ruf-euskirchen.de\/wp-content\/uploads\/2025\/12\/WhatsApp-Image-2025-12-19-at-04.39.22-6-1-768x1024.jpeg\" alt=\"\" class=\"wp-image-159\" srcset=\"https:\/\/taxi-ruf-euskirchen.de\/wp-content\/uploads\/2025\/12\/WhatsApp-Image-2025-12-19-at-04.39.22-6-1-768x1024.jpeg 768w, https:\/\/taxi-ruf-euskirchen.de\/wp-content\/uploads\/2025\/12\/WhatsApp-Image-2025-12-19-at-04.39.22-6-1-225x300.jpeg 225w, https:\/\/taxi-ruf-euskirchen.de\/wp-content\/uploads\/2025\/12\/WhatsApp-Image-2025-12-19-at-04.39.22-6-1-1152x1536.jpeg 1152w, https:\/\/taxi-ruf-euskirchen.de\/wp-content\/uploads\/2025\/12\/WhatsApp-Image-2025-12-19-at-04.39.22-6-1.jpeg 1200w\" sizes=\"auto, (max-width: 768px) 100vw, 768px\" \/><\/a><\/figure>\n\n\n\n<figure class=\"wp-block-image size-large\"><a href=\"https:\/\/taxi-ruf-euskirchen.de\/wp-content\/uploads\/2025\/12\/WhatsApp-Image-2025-12-19-at-04.39.22-7-1024x768.jpeg\" target=\"_blank\"><img loading=\"lazy\" decoding=\"async\" width=\"1024\" height=\"768\" data-id=\"163\" src=\"https:\/\/taxi-ruf-euskirchen.de\/wp-content\/uploads\/2025\/12\/WhatsApp-Image-2025-12-19-at-04.39.22-7-1024x768.jpeg\" alt=\"\" class=\"wp-image-163\" srcset=\"https:\/\/taxi-ruf-euskirchen.de\/wp-content\/uploads\/2025\/12\/WhatsApp-Image-2025-12-19-at-04.39.22-7-1024x768.jpeg 1024w, https:\/\/taxi-ruf-euskirchen.de\/wp-content\/uploads\/2025\/12\/WhatsApp-Image-2025-12-19-at-04.39.22-7-300x225.jpeg 300w, https:\/\/taxi-ruf-euskirchen.de\/wp-content\/uploads\/2025\/12\/WhatsApp-Image-2025-12-19-at-04.39.22-7-768x576.jpeg 768w, https:\/\/taxi-ruf-euskirchen.de\/wp-content\/uploads\/2025\/12\/WhatsApp-Image-2025-12-19-at-04.39.22-7-1536x1152.jpeg 1536w, https:\/\/taxi-ruf-euskirchen.de\/wp-content\/uploads\/2025\/12\/WhatsApp-Image-2025-12-19-at-04.39.22-7.jpeg 1600w\" sizes=\"auto, (max-width: 1024px) 100vw, 1024px\" \/><\/a><\/figure>\n\n\n\n<figure class=\"wp-block-image size-large\"><a href=\"https:\/\/taxi-ruf-euskirchen.de\/wp-content\/uploads\/2025\/12\/WhatsApp-Image-2025-12-19-at-04.39.23-1-1-768x1024.jpeg\" target=\"_blank\"><img loading=\"lazy\" decoding=\"async\" width=\"768\" height=\"1024\" data-id=\"162\" src=\"https:\/\/taxi-ruf-euskirchen.de\/wp-content\/uploads\/2025\/12\/WhatsApp-Image-2025-12-19-at-04.39.23-1-1-768x1024.jpeg\" alt=\"\" class=\"wp-image-162\" srcset=\"https:\/\/taxi-ruf-euskirchen.de\/wp-content\/uploads\/2025\/12\/WhatsApp-Image-2025-12-19-at-04.39.23-1-1-768x1024.jpeg 768w, https:\/\/taxi-ruf-euskirchen.de\/wp-content\/uploads\/2025\/12\/WhatsApp-Image-2025-12-19-at-04.39.23-1-1-225x300.jpeg 225w, https:\/\/taxi-ruf-euskirchen.de\/wp-content\/uploads\/2025\/12\/WhatsApp-Image-2025-12-19-at-04.39.23-1-1-1152x1536.jpeg 1152w, https:\/\/taxi-ruf-euskirchen.de\/wp-content\/uploads\/2025\/12\/WhatsApp-Image-2025-12-19-at-04.39.23-1-1.jpeg 1200w\" sizes=\"auto, (max-width: 768px) 100vw, 768px\" \/><\/a><\/figure>\n\n\n\n<figure class=\"wp-block-image size-large\"><a href=\"https:\/\/taxi-ruf-euskirchen.de\/wp-content\/uploads\/2025\/12\/WhatsApp-Image-2025-12-19-at-04.39.23-4-1-768x1024.jpeg\" target=\"_blank\"><img loading=\"lazy\" decoding=\"async\" width=\"768\" height=\"1024\" data-id=\"165\" src=\"https:\/\/taxi-ruf-euskirchen.de\/wp-content\/uploads\/2025\/12\/WhatsApp-Image-2025-12-19-at-04.39.23-4-1-768x1024.jpeg\" alt=\"\" class=\"wp-image-165\" srcset=\"https:\/\/taxi-ruf-euskirchen.de\/wp-content\/uploads\/2025\/12\/WhatsApp-Image-2025-12-19-at-04.39.23-4-1-768x1024.jpeg 768w, https:\/\/taxi-ruf-euskirchen.de\/wp-content\/uploads\/2025\/12\/WhatsApp-Image-2025-12-19-at-04.39.23-4-1-225x300.jpeg 225w, https:\/\/taxi-ruf-euskirchen.de\/wp-content\/uploads\/2025\/12\/WhatsApp-Image-2025-12-19-at-04.39.23-4-1-1152x1536.jpeg 1152w, https:\/\/taxi-ruf-euskirchen.de\/wp-content\/uploads\/2025\/12\/WhatsApp-Image-2025-12-19-at-04.39.23-4-1.jpeg 1200w\" sizes=\"auto, (max-width: 768px) 100vw, 768px\" \/><\/a><\/figure>\n\n\n\n<figure class=\"wp-block-image size-large\"><a href=\"https:\/\/taxi-ruf-euskirchen.de\/wp-content\/uploads\/2025\/12\/WhatsApp-Image-2025-12-19-at-04.39.23-6.jpeg\" target=\"_blank\" rel=\" noreferrer noopener\"><img loading=\"lazy\" decoding=\"async\" width=\"768\" height=\"1024\" data-id=\"168\" src=\"https:\/\/taxi-ruf-euskirchen.de\/wp-content\/uploads\/2025\/12\/WhatsApp-Image-2025-12-19-at-04.39.23-6-768x1024.jpeg\" alt=\"\" class=\"wp-image-168\" srcset=\"https:\/\/taxi-ruf-euskirchen.de\/wp-content\/uploads\/2025\/12\/WhatsApp-Image-2025-12-19-at-04.39.23-6-768x1024.jpeg 768w, https:\/\/taxi-ruf-euskirchen.de\/wp-content\/uploads\/2025\/12\/WhatsApp-Image-2025-12-19-at-04.39.23-6-225x300.jpeg 225w, https:\/\/taxi-ruf-euskirchen.de\/wp-content\/uploads\/2025\/12\/WhatsApp-Image-2025-12-19-at-04.39.23-6-1152x1536.jpeg 1152w, https:\/\/taxi-ruf-euskirchen.de\/wp-content\/uploads\/2025\/12\/WhatsApp-Image-2025-12-19-at-04.39.23-6.jpeg 1200w\" sizes=\"auto, (max-width: 768px) 100vw, 768px\" \/><\/a><\/figure>\n<\/figure>\n","protected":false},"excerpt":{"rendered":"<p>Hier ein paar Bilder unseres Fuhrparks. Du kannst die Bilder vergr\u00f6\u00dfern in dem du diese einfach anklicken. Dann \u00f6ffnet sich das angeklickte Bild in einem neuem Fenster\/Tab.<\/p>\n","protected":false},"author":1,"featured_media":0,"parent":0,"menu_order":0,"comment_status":"closed","ping_status":"closed","template":"","meta":{"footnotes":""},"class_list":["post-140","page","type-page","status-publish","hentry"],"_links":{"self":[{"href":"https:\/\/taxi-ruf-euskirchen.de\/index.php\/wp-json\/wp\/v2\/pages\/140","targetHints":{"allow":["GET"]}}],"collection":[{"href":"https:\/\/taxi-ruf-euskirchen.de\/index.php\/wp-json\/wp\/v2\/pages"}],"about":[{"href":"https:\/\/taxi-ruf-euskirchen.de\/index.php\/wp-json\/wp\/v2\/types\/page"}],"author":[{"embeddable":true,"href":"https:\/\/taxi-ruf-euskirchen.de\/index.php\/wp-json\/wp\/v2\/users\/1"}],"replies":[{"embeddable":true,"href":"https:\/\/taxi-ruf-euskirchen.de\/index.php\/wp-json\/wp\/v2\/comments?post=140"}],"version-history":[{"count":10,"href":"https:\/\/taxi-ruf-euskirchen.de\/index.php\/wp-json\/wp\/v2\/pages\/140\/revisions"}],"predecessor-version":[{"id":195,"href":"https:\/\/taxi-ruf-euskirchen.de\/index.php\/wp-json\/wp\/v2\/pages\/140\/revisions\/195"}],"wp:attachment":[{"href":"https:\/\/taxi-ruf-euskirchen.de\/index.php\/wp-json\/wp\/v2\/media?parent=140"}],"curies":[{"name":"wp","href":"https:\/\/api.w.org\/{rel}","templated":true}]}}