{"id":123,"date":"2025-12-20T07:51:24","date_gmt":"2025-12-20T06:51:24","guid":{"rendered":"https:\/\/taxi-ruf-euskirchen.de\/?page_id=123"},"modified":"2025-12-20T07:51:26","modified_gmt":"2025-12-20T06:51:26","slug":"krankenfahrten","status":"publish","type":"page","link":"https:\/\/taxi-ruf-euskirchen.de\/index.php\/krankenfahrten\/","title":{"rendered":"Krankenfahrten"},"content":{"rendered":"\n<p>Sicher und zuverl\u00e4ssig zu Ihren medizinischen Terminen<\/p>\n\n\n\n<p>Unsere spezialisierten Krankenfahrten bieten Ihnen komfortable, zuverl\u00e4ssige und barrierefreie Transportl\u00f6sungen zu Arztterminen, Therapien und Krankenhausaufenthalten.<\/p>\n\n\n\n<p>Wenn Sie einen Termin beim Arzt, im Krankenhaus oder bei anderen medizinischen Einrichtungen haben und auf einen Transport angewiesen sind, sind die Krankenfahrten mit dem Fahrdienst Taxi Ruf Euskirchen die beste L\u00f6sung. Wir bieten einen verl\u00e4sslichen und bequemen Service, der auf die speziellen Bed\u00fcrfnisse von Patienten abgestimmt ist.<\/p>\n\n\n\n<p>Unsere Dienstleistungen f\u00fcr Krankenfahrten:<\/p>\n\n\n\n<p>Fahrten zu allen medizinischen Einrichtungen: Egal, ob Sie zu einem Facharzt, ins Krankenhaus oder zur Physiotherapie m\u00fcssen \u2013 wir bringen Sie sicher und p\u00fcnktlich ans Ziel.<br>Komfortable, barrierefreie Fahrzeuge: Unsere Fahrzeuge sind speziell ausgestattet, um Ihnen Sicherheit und Komfort w\u00e4hrend der Fahrt zu bieten.<br>Erfahrene und einf\u00fchlsame Fahrer: Unser geschultes Personal ist freundlich und professionell. Die Fahrer helfen Ihnen gerne beim Ein- und Aussteigen und unterst\u00fctzen Sie auf Wunsch w\u00e4hrend der gesamten Fahrt.<br>Abholung am Wohnort: Wir holen Sie direkt von zuhause ab und bringen Sie zu Ihrem medizinischen Termin. Nach der Behandlung fahren wir Sie wieder sicher nach Hause.<br>Flexible Buchungsm\u00f6glichkeiten: Ob spontan oder im Voraus \u2013 wir bieten flexible Terminm\u00f6glichkeiten, um Ihren Bed\u00fcrfnissen gerecht zu werden.<br>Warum Sie uns f\u00fcr Ihre Krankenfahrten w\u00e4hlen sollten:<\/p>\n\n\n\n<p>Zuverl\u00e4ssigkeit: Wir wissen, wie wichtig P\u00fcnktlichkeit f\u00fcr Ihre medizinischen Termine ist. Unsere Fahrten sind so geplant, dass Sie rechtzeitig ankommen.<br>Akzeptanz aller Kassen: Unsere Krankenfahrten werden von allen gesetzlichen und privaten Krankenkassen anerkannt. Wir beraten Ihnen bei allen notwendigen Formalit\u00e4ten mit Ihrer Kasse.<br>Individuelle Betreuung: Wir gehen auf Ihre besonderen Anforderungen ein und sorgen daf\u00fcr, dass Sie w\u00e4hrend der gesamten Fahrt in sicheren H\u00e4nden sind.<\/p>\n","protected":false},"excerpt":{"rendered":"<p>Sicher und zuverl\u00e4ssig zu Ihren medizinischen Terminen Unsere spezialisierten Krankenfahrten bieten Ihnen komfortable, zuverl\u00e4ssige und barrierefreie Transportl\u00f6sungen zu Arztterminen, Therapien und Krankenhausaufenthalten. Wenn Sie einen Termin beim Arzt, im Krankenhaus oder bei anderen medizinischen Einrichtungen haben und auf einen Transport angewiesen sind, sind die Krankenfahrten mit dem Fahrdienst Taxi Ruf Euskirchen die beste L\u00f6sung. Wir [&hellip;]<\/p>\n","protected":false},"author":1,"featured_media":0,"parent":0,"menu_order":0,"comment_status":"closed","ping_status":"closed","template":"","meta":{"footnotes":""},"class_list":["post-123","page","type-page","status-publish","hentry"],"_links":{"self":[{"href":"https:\/\/taxi-ruf-euskirchen.de\/index.php\/wp-json\/wp\/v2\/pages\/123","targetHints":{"allow":["GET"]}}],"collection":[{"href":"https:\/\/taxi-ruf-euskirchen.de\/index.php\/wp-json\/wp\/v2\/pages"}],"about":[{"href":"https:\/\/taxi-ruf-euskirchen.de\/index.php\/wp-json\/wp\/v2\/types\/page"}],"author":[{"embeddable":true,"href":"https:\/\/taxi-ruf-euskirchen.de\/index.php\/wp-json\/wp\/v2\/users\/1"}],"replies":[{"embeddable":true,"href":"https:\/\/taxi-ruf-euskirchen.de\/index.php\/wp-json\/wp\/v2\/comments?post=123"}],"version-history":[{"count":1,"href":"https:\/\/taxi-ruf-euskirchen.de\/index.php\/wp-json\/wp\/v2\/pages\/123\/revisions"}],"predecessor-version":[{"id":124,"href":"https:\/\/taxi-ruf-euskirchen.de\/index.php\/wp-json\/wp\/v2\/pages\/123\/revisions\/124"}],"wp:attachment":[{"href":"https:\/\/taxi-ruf-euskirchen.de\/index.php\/wp-json\/wp\/v2\/media?parent=123"}],"curies":[{"name":"wp","href":"https:\/\/api.w.org\/{rel}","templated":true}]}}