{"id":116,"date":"2025-12-20T07:43:17","date_gmt":"2025-12-20T06:43:17","guid":{"rendered":"https:\/\/taxi-ruf-euskirchen.de\/?page_id=116"},"modified":"2025-12-20T07:48:57","modified_gmt":"2025-12-20T06:48:57","slug":"kur-und-rehafahrten","status":"publish","type":"page","link":"https:\/\/taxi-ruf-euskirchen.de\/index.php\/kur-und-rehafahrten\/","title":{"rendered":"Kur- und Rehafahrten"},"content":{"rendered":"\n<p>Neben den klassischen Krankenfahrten bef\u00f6rdern wir Sie auch gerne in Ihre Kur- oder Reha. Dabei spielt die Entfernung keine Rolle.<\/p>\n\n\n\n<p>Personenbef\u00f6rderung aus Euskirchen f\u00fcr Fahrten im In- und Ausland.<\/p>\n\n\n\n<p>Wir sind ein etabliertes Unternehmen mit Firmensitz in Euskirchen im Rheinland. Unser Schwerpunkt liegt auf Transporten jeglicher Art im In- und Ausland. Mit einem erfahrenen, langj\u00e4hrigen Team f\u00fchren wir unter anderem Kranken-, Kur-, Reha- sowie Dialysefahrten durch. Dabei legen wir gro\u00dfen Wert auf einen hohen Qualit\u00e4tsstandard, Zuverl\u00e4ssigkeit und eine sichere sowie komfortable Bef\u00f6rderung unserer Fahrg\u00e4ste.<\/p>\n\n\n\n<p>Au\u00dferdem f\u00fchren wir zuverl\u00e4ssig Bestrahlungsfahrten, Chemotherapie- und Dialysefahrten durch. Erg\u00e4nzend bieten wir Boten- und Kurierfahrten, Einkaufsfahrten, Flughafentransfers sowie Gro\u00dfraumfahrten f\u00fcr bis zu 6 Personen an. Abgerundet wird unser Leistungsspektrum durch einen schnellen und flexiblen Fast-Food-Lieferservice.<\/p>\n\n\n\n<p>Taxi Ruf Euskirchen \u2013 Mobilit\u00e4t, auf die Sie z\u00e4hlen k\u00f6nnen<br>Wir sind Ihr zuverl\u00e4ssiger Partner f\u00fcr alle Fahrten \u2013 ob klassisch oder speziell. Von Kranken-, Kur- und Dialysefahrten bis hin zu Flughafentransfers und Gro\u00dfraumfahrten f\u00fcr bis zu 6 Personen: Wir bringen Sie sicher, komfortabel und p\u00fcnktlich ans Ziel.<br>Als erfahrener Familienbetrieb legen wir Wert auf Sorgfalt, Vertrauen und pers\u00f6nliche Betreuung \u2013 weil jede Fahrt z\u00e4hlt.<\/p>\n","protected":false},"excerpt":{"rendered":"<p>Neben den klassischen Krankenfahrten bef\u00f6rdern wir Sie auch gerne in Ihre Kur- oder Reha. Dabei spielt die Entfernung keine Rolle. Personenbef\u00f6rderung aus Euskirchen f\u00fcr Fahrten im In- und Ausland. Wir sind ein etabliertes Unternehmen mit Firmensitz in Euskirchen im Rheinland. Unser Schwerpunkt liegt auf Transporten jeglicher Art im In- und Ausland. Mit einem erfahrenen, langj\u00e4hrigen [&hellip;]<\/p>\n","protected":false},"author":1,"featured_media":0,"parent":0,"menu_order":0,"comment_status":"closed","ping_status":"closed","template":"","meta":{"footnotes":""},"class_list":["post-116","page","type-page","status-publish","hentry"],"_links":{"self":[{"href":"https:\/\/taxi-ruf-euskirchen.de\/index.php\/wp-json\/wp\/v2\/pages\/116","targetHints":{"allow":["GET"]}}],"collection":[{"href":"https:\/\/taxi-ruf-euskirchen.de\/index.php\/wp-json\/wp\/v2\/pages"}],"about":[{"href":"https:\/\/taxi-ruf-euskirchen.de\/index.php\/wp-json\/wp\/v2\/types\/page"}],"author":[{"embeddable":true,"href":"https:\/\/taxi-ruf-euskirchen.de\/index.php\/wp-json\/wp\/v2\/users\/1"}],"replies":[{"embeddable":true,"href":"https:\/\/taxi-ruf-euskirchen.de\/index.php\/wp-json\/wp\/v2\/comments?post=116"}],"version-history":[{"count":3,"href":"https:\/\/taxi-ruf-euskirchen.de\/index.php\/wp-json\/wp\/v2\/pages\/116\/revisions"}],"predecessor-version":[{"id":122,"href":"https:\/\/taxi-ruf-euskirchen.de\/index.php\/wp-json\/wp\/v2\/pages\/116\/revisions\/122"}],"wp:attachment":[{"href":"https:\/\/taxi-ruf-euskirchen.de\/index.php\/wp-json\/wp\/v2\/media?parent=116"}],"curies":[{"name":"wp","href":"https:\/\/api.w.org\/{rel}","templated":true}]}}